{"id":168,"date":"2016-11-22T12:27:43","date_gmt":"2016-11-22T12:27:43","guid":{"rendered":"http:\/\/localhost\/playground\/?page_id=168"},"modified":"2025-02-23T20:39:40","modified_gmt":"2025-02-23T17:39:40","slug":"despre-noi","status":"publish","type":"page","link":"https:\/\/arhiva.lucian-blaga.ro\/","title":{"rendered":"Despre Noi"},"content":{"rendered":"<p>Liceul Teoretic \u201eLucian Blaga\u201d din Constan\u021ba este un nume important din peisajul \u00eenv\u0103\u021b\u0103m\u00e2ntului const\u0103n\u021bean, imagine a unei institu\u0163ii de inv\u0103\u021b\u0103m\u00e2nt dotat\u0103 \u00een concordan\u021b\u0103 cu standardele europene \u015fi cele cerute de ARACIP \u015fi care, de-a lungul scurtei sale existen\u021be, s-a remarcat prin activit\u0103\u021bi de mare clas\u0103, at\u00e2t cele instructive-educative, c\u00e2t \u015fi cele extra\u015fcolare.<\/p>\n<h2>Trecutul nostru&#8230; O \u015fcoal\u0103 general\u0103 de cartier \u00een care nu foarte mul\u0163i aveau \u00eencredere.<\/h2>\n<p>[\/et_pb_text][et_pb_text background_layout=&#8221;light&#8221; text_orientation=&#8221;left&#8221; admin_label=&#8221;Text&#8221; text_font_size_tablet=&#8221;13px&#8221; text_font_size_last_edited=&#8221;on|desktop&#8221; text_text_color=&#8221;#000000&#8243; use_border_color=&#8221;off&#8221; border_style=&#8221;solid&#8221; disabled=&#8221;off&#8221;]<\/p>\n<p><strong><em>Prezentul nostru&#8230;<\/em><\/strong> Un liceu t&acirc;n\u0103r, dorit de beneficiarii direc\u0163i si de cei indirec\u0163i, un liceu &icirc;n plin\u0103 dezvoltare \u015fi putem fi un liceu &icirc;n plin\u0103 ascensiune !!! Suntem un colectiv a c\u0103rui principal\u0103 calitate este dorin\u0163a de a atinge nivelul excelent, materializat\u0103 prin munca depus\u0103 pentru atingerea idealurilor educa\u0163ionale \u015fi a performan\u0163ei. Suntem elevi care \u015ftim ce vrem de la via\u0163\u0103, suntem elevi \u015fi profesori care lucr\u0103m &icirc;n cadrul unui parteneriat ce nu se &icirc;ncheie odat\u0103 cu finalizarea perioadei de \u015fcolarizare!<\/p>\n<p> <strong><em>Viitorul nostru&#8230;<\/em><\/strong> Vom fi o organiza\u0163ie furnizoare de educa\u0163ie cu ambi\u0163ia \u015fi dorin\u0163a de a se ridica la standardele &icirc;nv\u0103\u0163\u0103m&acirc;ntului european, urm\u0103rind direc\u0163iile strategice ale MEC \u015fi priorit\u0103\u0163ile politicii educa\u0163ionale : &ldquo; reforma educa\u0163iei timpurii, accesibilitate la educa\u0163ie, asigurarea calit\u0103\u0163ii \u015fi compatibilizarea cu sistemul european de educa\u0163ie \u015fi formare profesional\u0103, descentralizare \u015fi cre\u015fterea gradului de autonomie, cre\u015fterea capacita\u0163ii pentru elaborarea si gestionarea proiectelor, stimularea educa\u0163iei permanente (life long learning), sus\u0163inerea &icirc;n maniera integrat\u0103 a educa\u0163iei, cercet\u0103rii \u015fi inov\u0103rii.<\/p>\n<p> <strong><em>Ast\u0103zi,<\/em><\/strong> cadrele didactice, personalul,&nbsp;elevii \u015fi comunitatea local\u0103, suntem &icirc;ngrijora\u0163i de num\u0103rul mic de clase din planul de \u015fcolarizare pentru&nbsp;anul \u015fcolar 2008-2009 \u015fi ne propunem ca &icirc;mpreun\u0103 &#8211; profesori,&nbsp;elevi si p\u0103rin\u0163i &#8211;&nbsp;s\u0103 impunem din nou prin activit\u0103\u0163ile \u015fi rezultatele de care suntem capabili, organiza\u0163ia noastr\u0103 furnizoare de educa\u0163ie, printre liceele frunta\u015fe ale jude\u0163ului nostru, cu o popula\u0163ie \u015fcolara &icirc;n plin\u0103 ascensiune.<\/p>\n\n<p>Liceul Teoretic &#8222;Lucian Blaga&#8221; Constan\u0163a, o institu\u0163ie de \u00eenv\u0103\u0163\u0103m\u00e2nt t\u00e2n\u0103r\u0103, \u00een plin\u0103 ascensiune, ofer\u0103 servicii educa\u0163ionale de calitate, ce conduc la dezvoltarea personalit\u0103\u0163ii elevilor. Dispun\u00e2nd de un personal didactic bine preg\u0103tit \u015fi de o dotare modern\u0103, Liceul Teoretic &#8222;Lucian Blaga&#8221; Constan\u0163a, unic prin filiera sa teoretic\u0103 in partea sudic\u0103 a municipiului, asigur\u0103 continuitatea traseului educa\u0163ional, pe cele trei cicluri de \u00eenv\u0103\u0163\u0103m\u00e2nt: primar, gimnazial \u015fi liceal.<\/p>\n<ul>\n<li>Suprafata totala :aprox. 10000m(cladire + curte interioara);<\/li>\n<li>Cladirea construita in 1996, cu 3 nivele(P+2);<\/li>\n<li>24 Sali de clasa, 3 laboratoare (chimie, biologie si fizica);<\/li>\n<li>2 cabinete de informatica, cabinet de limbi straine, cabinet de consiliere psihopedagogica, cabinet stomatologic, cabinet medical, biblioteca;<\/li>\n<li>Sala festivitati, Sala de sport, 2 vestiare elevi, 12 grupuri sanitare elevi, 4 grupuri sanitare profesori;<\/li>\n<li>Curtea scolii cuprinde terenuri de sport ( baschet si handbal) si spatii verzi in fata scolii si partea laterala cu o curte interioara.<\/li>\n<\/ul>\n<p><span style=\"text-decoration: underline;\">ECHIPAMENTE SI AMENAJARI<\/span><\/p>\n<ul>\n<li>Majoritatea salilor de clasa au fost dotate cu mobilier modular, catedre noi( investitii ale Primariei, MECT, contributii benevole ale parintilor);<\/li>\n<li>Dotarea laboratoarelor ( chimie, biologie fizica) cu cate 1 calculator, imprimanta, videoproiector, truse,substante,microscoape, prin programele guvernamentale de achizitii ( 2006-2007);\u00b7<\/li>\n<li>Inbogatirea fondului de carte prin aceleasi programe guvernamentale de dotari;<\/li>\n<li>Echiparea a 4 cabinete scolare cu mobilier, laptop-uri, table magnetice prin programul guvernamental de dotare (2007-2008).<\/li>\n<\/ul>\n<p><span style=\"text-decoration: underline;\">MIJLOACE DE COMUNICARE<\/span><\/p>\n<ul>\n<li>Exista telefoane cu linie directa la director, secretariat, contabilitate si sala de festivitati;<\/li>\n<li>Conectarea la reteaua internet la toate calculatoarele din scoala;<\/li>\n<li>Holurile au fost echipate cu casete pentru afisaj informational.<\/li>\n<\/ul>\n<p><span style=\"text-decoration: underline;\">RESURSE FINANCIARE<\/span><\/p>\n<ul>\n<li>Investitii de la bugetul de stat, prin programe guvernamentale privind dotarea cu materiale si echipamente didactice (2006-2008);<\/li>\n<li>Investitii de la bugetul local, prin RAEDPP , Primaria municipiului Constanta, in dezvoltatrea, conservarea patrimoniului scolar, igienizara si intretinerea spatiului scolar;<\/li>\n<li>Venituri extrabugetare obtinute din sponsorizari.<\/li>\n<\/ul>\n<p><span style=\"text-decoration: underline;\">RESURSE UMANE<\/span><\/p>\n<ul>\n<li>Posturile didactice sunt ocupate cu titulari, exceptie suplinirile titularilor cu catedre rezervate;<\/li>\n<li>Cadrele didactice sunt conectate puternic la reteaua de perfectionare si dezvoltare profesionala, prin interesul si participarea la cursuri de<\/li>\n<li>perfectionare metodico-stiintifica, cu acumulare de credite transferabile;<\/li>\n<li>Din cele 54 cadre didactice titulare, 37 au obtinut gradul didactic I, 8 gradul didactic II, 5 definitivarea in invatamant si 4 cadre didactice sunt stagiare;<\/li>\n<li>17 invatatori din care 16 gr did. I si 1 inv. Gr did II;<\/li>\n<li>personal didactic auxiliar (8);<\/li>\n<li>personal nedidactic (17);<\/li>\n<li>Au finalizat cursuri postuniversitare (masterate) 8 cadre didactice si 3 cadre didactice sunt doctorande;<\/li>\n<li>Se constata un interes crescand pentru participarea la sesiuni stiintifice, simpozioane judetene si nationale, pentru redactarea de carti si publicatii in didactica specialitatii sau management educational.<\/li>\n<\/ul>\n<p><span style=\"text-decoration: underline;\">ELEVII<\/span><\/p>\n<ul>\n<li>Elevii provin in general din familii organizate;<\/li>\n<li>Nu s-au inregistrat cazuri grave de indisciplina care sa impuna sanctiuni limita- exmatricularea fara drept de reinscriere in unitati de invatamant;<\/li>\n<li>Elevii, de la toate nivelurile sunt deschisi spre comunicare si implicare activa in viata organizationala, participa in numar foarte mare la actiuni\/activitati extracurriculare si extrascolare, la actiuni de voluntariat;<\/li>\n<li>Grupurile-clasa din ciclul liceal (13 clase) se caracterizeaza prin omogenitate, ca nivel de pregatire initiala (intre media 8,50- 9,20) segment care se poate instrui si educa pentru performanta sau cel putin pentru rezultate medii (bune)<\/li>\n<\/ul>\n<p>[\/et_pb_tab][et_pb_tab title=&#8221;\u021ainte strategice&#8221; tab_font=&#8221;||||&#8221; tab_line_height=&#8221;2em&#8221; tab_line_height_tablet=&#8221;2em&#8221; tab_line_height_phone=&#8221;2em&#8221; body_font=&#8221;||||&#8221; body_line_height=&#8221;2em&#8221; body_line_height_tablet=&#8221;2em&#8221; body_line_height_phone=&#8221;2em&#8221; disabled=&#8221;off&#8221;]<\/p>\n<p>\u0162intele strategice pe care noi ni le propunem \u00een Proiectul de Dezvoltare Institu\u0163ional\u0103 pentru perioada 2008-2012 :<\/p>\n<ul>\n<li>Dezvoltarea competen\u0163elor resurselor umane de a utiliza \u015fi valorifica noile tehnologii de informare, formare si comunicare \u00eentr-o societate a cunoa\u015fterii \u00een vederea valoriz\u0103rii aptitudinale a fiec\u0103ruia \u015fi particip\u0103rii active la proiectarea, organizarea, coordonarea \u015fi evaluarea demersului didactic \u015fi a proiectelor educa\u0163ionale folosind noile tehnologii.<\/li>\n<li>Promovarea unei oferte educa\u0163ionale diversificate \u015fi centrate pe nevoile \u015fi interesele educabililor, ale comunitatii si pe cerintele pie\u0163ei for\u0163ei de munc\u0103 pentru a facilita inser\u0163ia social\u0103 a absolventilor.<\/li>\n<li>\u00cent\u0103rirea parteneriatului unitate \u015fcolara-elevi-p\u0103rin\u0163i-comunitate prin asumarea unui rol activ \u00een via\u0163a \u015fcolii \u015fi prin cooperarea \u00een vederea realiz\u0103rii programelor, proiectelor educa\u0163ionale \u015fi accesarea fondurilor extrabugetare (fonduri POSDRU, POR) necesare derul\u0103rii programelor.<\/li>\n<li>Valorificarea tradi\u0163iilor \u015fi obiceiurilor locale \u015fi na\u0163ionale din perspectiva interculturalit\u0103\u0163ii europene.<\/li>\n<li>Atragerea de noi finan\u0163\u0103ri pentru o mai bun\u0103 dezvoltare a bazei materiale \u015fi implicarea grupurilor de interes \u00een proiectarea \u015fi implementarea unui program de autofinan\u0163are \u015fi de monitorizare a cheltuielilor extrabugetare.<\/li>\n<\/ul>\n<p>[\/et_pb_tab][et_pb_tab title=&#8221;Rezultate a\u0219teptate&#8221; tab_font=&#8221;||||&#8221; tab_line_height=&#8221;2em&#8221; tab_line_height_tablet=&#8221;2em&#8221; tab_line_height_phone=&#8221;2em&#8221; body_font=&#8221;||||&#8221; body_line_height=&#8221;2em&#8221; body_line_height_tablet=&#8221;2em&#8221; body_line_height_phone=&#8221;2em&#8221; disabled=&#8221;off&#8221;]<\/p>\n<ul>\n<li>Formarea \u00een domeniul tehnologiei informa\u0163ionale computerizate, a competen\u0163elor lingvistice, a didacticilor moderne a cadrelor didactice care predau \u00een Liceul Teoretic \u201eLucian Blaga\u201d Constan\u0163a.<\/li>\n<li>Utilizarea de c\u0103tre cadrele didactice \u015fi elevi a metodelor moderne de predare-\u00eenv\u0103\u0163are folosind programul AEL (asistent educa\u0163ional pentru liceu) \u015fi alte metode activ participative.<\/li>\n<li>Formarea la elevi a deprinderilor \u015fi abilit\u0103\u0163ilor \u00een utilizarea tehnologiei de v\u00e2rf la toate disciplinele valorific\u00e2nd la maxim poten\u0163ialul lor creativ.<\/li>\n<li>Formarea competen\u0163elor legate de munc\u0103 \u015fi de disciplina muncii.<\/li>\n<li>Imbun\u0103t\u0103\u0163irea ofertei educa\u0163ionale prin schimbarea ponderii \u00een ceea ce prive\u015fte curriculumul la decizia \u015fcolii, negociat cu p\u0103rin\u0163ii \u015fi comunitatea local\u0103.<\/li>\n<li>Imbun\u0103t\u0103\u0163irea rezultatelor \u015fcolare la toate disciplinele.<\/li>\n<li>Cre\u015fterea num\u0103rului de elevi care particip\u0103 la concursuri \u015fi olimpiade \u015fcolare.<\/li>\n<li>Cre\u015fterea num\u0103rului de premii ob\u0163inute.<\/li>\n<li>Formarea de abilit\u0103\u0163i de comunicare \u015fi lucru \u00een echip\u0103 cadre didactice \u2013 p\u0103rin\u0163i \u2013elevi.<\/li>\n<li>Implicarea p\u0103rin\u0163ilor \u00een derularea programelor educa\u0163ionale.<\/li>\n<li>Tradi\u0163ia local\u0103 multicultural\u0103 vizibil\u0103 \u00een \u015fcoal\u0103 \u015fi \u00een comunitate.<\/li>\n<li>Incheierea de noi parteneriate : na\u0163ionale \u015fi interna\u0163ionale.<\/li>\n<li>Formarea la elevi a unei atitudini responsabile fa\u0163\u0103 de mediu.<\/li>\n<li>Men\u0163inerea unui mediu mai curat.<\/li>\n<li>Dezvoltarea spiritului civic, antreprenorial.<\/li>\n<li>Valorificarea oprtunit\u0103\u0163ilor oferite de pozi\u0163ia strategic\u0103 \u015fi important\u0103 economic\u0103 \u015fi turistic\u0103 a ora\u015fului nostru.<\/li>\n<li>Editarea lunar\u0103 a revistei \u015fcolii, \u201eMuguri\u201d.<\/li>\n<li>Implicarea elevilor \u00een redactarea materialului ap\u0103rut \u00een revista liceului \u015fi \u00een distribuirea ei.<\/li>\n<li>Ob\u0163inerea de premii la concursurile de reviste \u015fcolare.<\/li>\n<li>Imbog\u0103\u0163irea bazei materiale a liceului.<\/li>\n<li>Func\u0163ionarea Centrului de Documentare a liceului.<\/li>\n<\/ul>\n<p>[\/et_pb_tab][et_pb_tab title=&#8221;Elemente de organizare&#8221; tab_font=&#8221;||||&#8221; tab_line_height=&#8221;2em&#8221; tab_line_height_tablet=&#8221;2em&#8221; tab_line_height_phone=&#8221;2em&#8221; body_font=&#8221;||||&#8221; body_line_height=&#8221;2em&#8221; body_line_height_tablet=&#8221;2em&#8221; body_line_height_phone=&#8221;2em&#8221; disabled=&#8221;off&#8221;]<\/p>\n<ul>\n<li>Festivit\u0103\u0163i de \u00eencepere \u015fi \u00eencheiere a anului \u015fcolar.<\/li>\n<li>Premierea elevilor.<\/li>\n<li>Serbarea abecedarului.<\/li>\n<li>R\u0103mas bun, doamna \u00eenv\u0103\u0163\u0103toare\/ doamna dirigint\u0103!<\/li>\n<li>Balul absolventilor claselor a VIII-a si a XII-a.<\/li>\n<li>S\u0103rb\u0103torirea zilelor onomastice ale elevilor la nivelul claselor.<\/li>\n<li>S\u0103rb\u0103torirea zilelor de 1 iunie, 8 martie.<\/li>\n<li>Serb\u0103ri de Cr\u0103ciun, Pa\u015fte.<\/li>\n<li>Expozi\u0163ii de art\u0103 plastic\u0103 \u015fi decorativ\u0103.<\/li>\n<li>Excursii tematice.<\/li>\n<li>Tabere.<\/li>\n<li>Editarea revistei \u015fcolii.<\/li>\n<li>Activit\u0103ti cu ocazia \u201eZilei educa\u0163iei\u201d.<\/li>\n<li>Activit\u0103\u0163i ecologice de \u201cZiua M\u0103rii Negre, 31 Octombrie\u201d.<\/li>\n<li>Activit\u0103\u0163i dedicate Zilei Mondiale HIV- SIDA, 1 Decembrie.<\/li>\n<li>Activitati dedicate Zilei Mondiale a Apelor, 22 Martie.<\/li>\n<li>Activitati dedicate Zilei Mondiale a Mediului, 5 Iunie.<\/li>\n<li>Activitatea Consiliului elevilor.<\/li>\n<li>\u00centreceri sportive.<\/li>\n<li>Spectacole de teatru oferite de diferite trupe.<\/li>\n<li>Activit\u0103\u0163i de colaborare cu Sec\u0163ia 5 de Poli\u0163ie.<\/li>\n<li>\u00cent\u00e2lniri cu reprezentan\u0163ii AJOFM pentru orientarea socio-profesional\u0103 a elevilor de clasa a VIII-a \u015fi a XII-a<\/li>\n<li>\u00cent\u00e2lniri cu reprezentan\u0163ii institu\u0163iilor de \u00eenv\u0103\u0163\u0103m\u00e2nt superior pentru orientarea socio-profesional\u0103 a elevilor de clasa a XII-a.<\/li>\n<li>\u00cent\u00e2lniri cu fo\u015fti absolven\u0163i.<\/li>\n<li>Predarea \u201eCheii liceului\u201d.<\/li>\n<li>Activitatii dedicate \u201eZilelor francofoniei\u201d.<\/li>\n<li>Activitati dedicate \u201e Zilei Europei\u201d.<\/li>\n<\/ul>\n<p>[\/et_pb_tab][\/et_pb_tabs][\/et_pb_column][\/et_pb_row][\/et_pb_section]<\/p>\n","protected":false},"excerpt":{"rendered":"<p>Liceul Teoretic \u201eLucian Blaga\u201d din Constan\u021ba este un nume important din peisajul \u00eenv\u0103\u021b\u0103m\u00e2ntului const\u0103n\u021bean, imagine a unei institu\u0163ii de inv\u0103\u021b\u0103m\u00e2nt dotat\u0103 \u00een concordan\u021b\u0103 cu standardele europene \u015fi cele cerute de ARACIP \u015fi care, de-a lungul scurtei sale existen\u021be, s-a remarcat prin activit\u0103\u021bi de mare clas\u0103, at\u00e2t cele instructive-educative, c\u00e2t \u015fi cele extra\u015fcolare. Trecutul nostru&#8230; O &hellip; <\/p>\n<p class=\"link-more\"><a href=\"https:\/\/arhiva.lucian-blaga.ro\/\" class=\"more-link\">Continu\u0103 lectura<span class=\"screen-reader-text\"> \u201eDespre Noi\u201d<\/span><\/a><\/p>\n","protected":false},"author":1,"featured_media":0,"parent":0,"menu_order":0,"comment_status":"closed","ping_status":"closed","template":"","meta":{"footnotes":""},"class_list":["post-168","page","type-page","status-publish","hentry"],"_links":{"self":[{"href":"https:\/\/arhiva.lucian-blaga.ro\/index.php?rest_route=\/wp\/v2\/pages\/168","targetHints":{"allow":["GET"]}}],"collection":[{"href":"https:\/\/arhiva.lucian-blaga.ro\/index.php?rest_route=\/wp\/v2\/pages"}],"about":[{"href":"https:\/\/arhiva.lucian-blaga.ro\/index.php?rest_route=\/wp\/v2\/types\/page"}],"author":[{"embeddable":true,"href":"https:\/\/arhiva.lucian-blaga.ro\/index.php?rest_route=\/wp\/v2\/users\/1"}],"replies":[{"embeddable":true,"href":"https:\/\/arhiva.lucian-blaga.ro\/index.php?rest_route=%2Fwp%2Fv2%2Fcomments&post=168"}],"version-history":[{"count":1,"href":"https:\/\/arhiva.lucian-blaga.ro\/index.php?rest_route=\/wp\/v2\/pages\/168\/revisions"}],"predecessor-version":[{"id":2532,"href":"https:\/\/arhiva.lucian-blaga.ro\/index.php?rest_route=\/wp\/v2\/pages\/168\/revisions\/2532"}],"wp:attachment":[{"href":"https:\/\/arhiva.lucian-blaga.ro\/index.php?rest_route=%2Fwp%2Fv2%2Fmedia&parent=168"}],"curies":[{"name":"wp","href":"https:\/\/api.w.org\/{rel}","templated":true}]}}